{"id":10,"date":"2020-05-31T18:27:56","date_gmt":"2020-05-31T18:27:56","guid":{"rendered":"http:\/\/naturheilpraxis-mehrlein.de\/?page_id=10"},"modified":"2020-06-07T09:14:04","modified_gmt":"2020-06-07T09:14:04","slug":"startseite","status":"publish","type":"page","link":"https:\/\/naturheilpraxis-mehrlein.de\/","title":{"rendered":"Herzlich Willkommen  in der Naturheilpraxis Elke Mehrlein-W\u00f6lfel"},"content":{"rendered":"\n<p>Ich freue mich, dass Sie sich f\u00fcr komplement\u00e4re Heilverfahren interessieren.<\/p>\n\n\n\n<p>Immer mehr Menschen entscheiden sich f\u00fcr naturheilkundliche Therapien,&nbsp; auch neben der schulmedizinischen Versorgung, um mit nat\u00fcrlichen Heilkr\u00e4ften ihr Wohlbefinden zu st\u00e4rken. In der Naturheilkunde wird bei allen Erkrankungen der Zusammenhang und Informationsaustausch von K\u00f6rper, Geist und Seele gesehen. Auch die Funktion der verschiedenen Zellverb\u00e4nde im gesamten Organismus sollten in der Betrachtung des Menschen und seiner Erkrankung ber\u00fccksichtigt werden.&nbsp; Der Schwerpunkt meiner Praxis liegt insbesondere in der Misteltherapie nach anthroposophischer Medizin. Diese erg\u00e4nzt die naturwissenschaftlich orientierte Medizin mit dem seelisch geistigen Anteil des Menschen in der Natur. Auf den folgenden Seiten erfahren Sie mehr \u00fcber die naturheilkundlichen Therapien.<\/p>\n\n\n\n<p>Ich m\u00f6chte Sie auch informieren, dass ich nach dem Heilmittelwerbegesetz rechtlich verpflichtet bin, Sie darauf hinzuweisen, dass naturheilkundliche Verfahren wissenschaftlich nicht erwiesen sind.<\/p>\n\n\n\n<p><\/p>\n","protected":false},"excerpt":{"rendered":"<p>Ich freue mich, dass Sie sich f\u00fcr komplement\u00e4re Heilverfahren interessieren. Immer mehr Menschen entscheiden sich f\u00fcr naturheilkundliche Therapien,&nbsp; auch neben der schulmedizinischen Versorgung, um mit nat\u00fcrlichen Heilkr\u00e4ften ihr Wohlbefinden zu st\u00e4rken. In der Naturheilkunde wird bei allen Erkrankungen der Zusammenhang und Informationsaustausch von K\u00f6rper, Geist und Seele gesehen. Auch die Funktion der verschiedenen Zellverb\u00e4nde im &hellip; <\/p>\n<p class=\"link-more\"><a href=\"https:\/\/naturheilpraxis-mehrlein.de\/\" class=\"more-link\"><span class=\"screen-reader-text\">\u201eHerzlich Willkommen  in der Naturheilpraxis Elke Mehrlein-W\u00f6lfel\u201c<\/span> weiterlesen<\/a><\/p>\n","protected":false},"author":1,"featured_media":0,"parent":0,"menu_order":0,"comment_status":"closed","ping_status":"closed","template":"","meta":{"footnotes":""},"class_list":["post-10","page","type-page","status-publish","hentry"],"yoast_head":"<!-- This site is optimized with the Yoast SEO plugin v25.5 - https:\/\/yoast.com\/wordpress\/plugins\/seo\/ -->\n<title>Herzlich Willkommen in der Naturheilpraxis Elke Mehrlein-W\u00f6lfel<\/title>\n<meta name=\"description\" content=\"Mehrlein, W\u00f6lfel, alternative Krebstherapie, alternative Therapie bei Krebs, Biologische Krebstherapie\" \/>\n<meta name=\"robots\" content=\"index, follow, max-snippet:-1, max-image-preview:large, max-video-preview:-1\" \/>\n<link rel=\"canonical\" href=\"https:\/\/naturheilpraxis-mehrlein.de\/\" \/>\n<meta property=\"og:locale\" content=\"de_DE\" \/>\n<meta property=\"og:type\" content=\"article\" \/>\n<meta property=\"og:title\" content=\"Herzlich Willkommen in der Naturheilpraxis Elke Mehrlein-W\u00f6lfel\" \/>\n<meta property=\"og:description\" content=\"Mehrlein, W\u00f6lfel, alternative Krebstherapie, alternative Therapie bei Krebs, Biologische Krebstherapie\" \/>\n<meta property=\"og:url\" content=\"https:\/\/naturheilpraxis-mehrlein.de\/\" \/>\n<meta property=\"og:site_name\" content=\"Naturheilpraxis Elke Mehrlein-W\u00f6lfel\" \/>\n<meta property=\"article:modified_time\" content=\"2020-06-07T09:14:04+00:00\" \/>\n<meta name=\"twitter:card\" content=\"summary_large_image\" \/>\n<script type=\"application\/ld+json\" class=\"yoast-schema-graph\">{\"@context\":\"https:\/\/schema.org\",\"@graph\":[{\"@type\":\"WebPage\",\"@id\":\"https:\/\/naturheilpraxis-mehrlein.de\/\",\"url\":\"https:\/\/naturheilpraxis-mehrlein.de\/\",\"name\":\"Herzlich Willkommen in der Naturheilpraxis Elke Mehrlein-W\u00f6lfel\",\"isPartOf\":{\"@id\":\"https:\/\/naturheilpraxis-mehrlein.de\/#website\"},\"datePublished\":\"2020-05-31T18:27:56+00:00\",\"dateModified\":\"2020-06-07T09:14:04+00:00\",\"description\":\"Mehrlein, W\u00f6lfel, alternative Krebstherapie, alternative Therapie bei Krebs, Biologische Krebstherapie\",\"breadcrumb\":{\"@id\":\"https:\/\/naturheilpraxis-mehrlein.de\/#breadcrumb\"},\"inLanguage\":\"de\",\"potentialAction\":[{\"@type\":\"ReadAction\",\"target\":[\"https:\/\/naturheilpraxis-mehrlein.de\/\"]}]},{\"@type\":\"BreadcrumbList\",\"@id\":\"https:\/\/naturheilpraxis-mehrlein.de\/#breadcrumb\",\"itemListElement\":[{\"@type\":\"ListItem\",\"position\":1,\"name\":\"Startseite\",\"item\":\"https:\/\/naturheilpraxis-mehrlein.de\/\"},{\"@type\":\"ListItem\",\"position\":2,\"name\":\"Herzlich Willkommen in der Naturheilpraxis Elke Mehrlein-W\u00f6lfel\"}]},{\"@type\":\"WebSite\",\"@id\":\"https:\/\/naturheilpraxis-mehrlein.de\/#website\",\"url\":\"https:\/\/naturheilpraxis-mehrlein.de\/\",\"name\":\"Naturheilpraxis Elke Mehrlein-W\u00f6lfel\",\"description\":\"\",\"potentialAction\":[{\"@type\":\"SearchAction\",\"target\":{\"@type\":\"EntryPoint\",\"urlTemplate\":\"https:\/\/naturheilpraxis-mehrlein.de\/?s={search_term_string}\"},\"query-input\":{\"@type\":\"PropertyValueSpecification\",\"valueRequired\":true,\"valueName\":\"search_term_string\"}}],\"inLanguage\":\"de\"}]}<\/script>\n<!-- \/ Yoast SEO plugin. -->","yoast_head_json":{"title":"Herzlich Willkommen in der Naturheilpraxis Elke Mehrlein-W\u00f6lfel","description":"Mehrlein, W\u00f6lfel, alternative Krebstherapie, alternative Therapie bei Krebs, Biologische Krebstherapie","robots":{"index":"index","follow":"follow","max-snippet":"max-snippet:-1","max-image-preview":"max-image-preview:large","max-video-preview":"max-video-preview:-1"},"canonical":"https:\/\/naturheilpraxis-mehrlein.de\/","og_locale":"de_DE","og_type":"article","og_title":"Herzlich Willkommen in der Naturheilpraxis Elke Mehrlein-W\u00f6lfel","og_description":"Mehrlein, W\u00f6lfel, alternative Krebstherapie, alternative Therapie bei Krebs, Biologische Krebstherapie","og_url":"https:\/\/naturheilpraxis-mehrlein.de\/","og_site_name":"Naturheilpraxis Elke Mehrlein-W\u00f6lfel","article_modified_time":"2020-06-07T09:14:04+00:00","twitter_card":"summary_large_image","schema":{"@context":"https:\/\/schema.org","@graph":[{"@type":"WebPage","@id":"https:\/\/naturheilpraxis-mehrlein.de\/","url":"https:\/\/naturheilpraxis-mehrlein.de\/","name":"Herzlich Willkommen in der Naturheilpraxis Elke Mehrlein-W\u00f6lfel","isPartOf":{"@id":"https:\/\/naturheilpraxis-mehrlein.de\/#website"},"datePublished":"2020-05-31T18:27:56+00:00","dateModified":"2020-06-07T09:14:04+00:00","description":"Mehrlein, W\u00f6lfel, alternative Krebstherapie, alternative Therapie bei Krebs, Biologische Krebstherapie","breadcrumb":{"@id":"https:\/\/naturheilpraxis-mehrlein.de\/#breadcrumb"},"inLanguage":"de","potentialAction":[{"@type":"ReadAction","target":["https:\/\/naturheilpraxis-mehrlein.de\/"]}]},{"@type":"BreadcrumbList","@id":"https:\/\/naturheilpraxis-mehrlein.de\/#breadcrumb","itemListElement":[{"@type":"ListItem","position":1,"name":"Startseite","item":"https:\/\/naturheilpraxis-mehrlein.de\/"},{"@type":"ListItem","position":2,"name":"Herzlich Willkommen in der Naturheilpraxis Elke Mehrlein-W\u00f6lfel"}]},{"@type":"WebSite","@id":"https:\/\/naturheilpraxis-mehrlein.de\/#website","url":"https:\/\/naturheilpraxis-mehrlein.de\/","name":"Naturheilpraxis Elke Mehrlein-W\u00f6lfel","description":"","potentialAction":[{"@type":"SearchAction","target":{"@type":"EntryPoint","urlTemplate":"https:\/\/naturheilpraxis-mehrlein.de\/?s={search_term_string}"},"query-input":{"@type":"PropertyValueSpecification","valueRequired":true,"valueName":"search_term_string"}}],"inLanguage":"de"}]}},"_links":{"self":[{"href":"https:\/\/naturheilpraxis-mehrlein.de\/index.php?rest_route=\/wp\/v2\/pages\/10","targetHints":{"allow":["GET"]}}],"collection":[{"href":"https:\/\/naturheilpraxis-mehrlein.de\/index.php?rest_route=\/wp\/v2\/pages"}],"about":[{"href":"https:\/\/naturheilpraxis-mehrlein.de\/index.php?rest_route=\/wp\/v2\/types\/page"}],"author":[{"embeddable":true,"href":"https:\/\/naturheilpraxis-mehrlein.de\/index.php?rest_route=\/wp\/v2\/users\/1"}],"replies":[{"embeddable":true,"href":"https:\/\/naturheilpraxis-mehrlein.de\/index.php?rest_route=%2Fwp%2Fv2%2Fcomments&post=10"}],"version-history":[{"count":7,"href":"https:\/\/naturheilpraxis-mehrlein.de\/index.php?rest_route=\/wp\/v2\/pages\/10\/revisions"}],"predecessor-version":[{"id":187,"href":"https:\/\/naturheilpraxis-mehrlein.de\/index.php?rest_route=\/wp\/v2\/pages\/10\/revisions\/187"}],"wp:attachment":[{"href":"https:\/\/naturheilpraxis-mehrlein.de\/index.php?rest_route=%2Fwp%2Fv2%2Fmedia&parent=10"}],"curies":[{"name":"wp","href":"https:\/\/api.w.org\/{rel}","templated":true}]}}